{"id":468,"date":"2023-04-17T07:52:37","date_gmt":"2023-04-17T07:52:37","guid":{"rendered":"https:\/\/bombaybluetenerife.com\/?page_id=468"},"modified":"2026-05-13T12:44:39","modified_gmt":"2026-05-13T12:44:39","slug":"menu","status":"publish","type":"page","link":"https:\/\/bombaybluetenerife.com\/es\/menu\/","title":{"rendered":"Men\u00fa"},"content":{"rendered":"<section class=\"l-section wpb_row us_custom_de67d1db height_medium width_full\"><div class=\"l-section-h i-cf\"><div class=\"g-cols vc_row via_grid cols_1 laptops-cols_inherit tablets-cols_inherit mobiles-cols_1 valign_top type_default stacking_default\"><div class=\"wpb_column vc_column_container\"><div class=\"vc_column-inner\">[vc_custom_heading text=\u00bbPLATOS PARA TODOS LOS GUSTOS\u00bb font_container=\u00bbtag:div|text_align:left\u00bb use_theme_fonts=\u00bbyes\u00bb css=\u00bb%7B%22default%22%3A%7B%22text-align%22%3A%22center%22%2C%22font-size%22%3A%220.8rem%22%2C%22text-transform%22%3A%22uppercase%22%2C%22animation-name%22%3A%22fade%22%2C%22animation-delay%22%3A%220.5s%22%7D%7D\u00bb][vc_custom_heading text=\u00bbMEN\u00da\u00bb font_container=\u00bbtag:h2|text_align:center\u00bb use_theme_fonts=\u00bbyes\u00bb css=\u00bb%7B%22default%22%3A%7B%22color%22%3A%22%23333333%22%2C%22animation-name%22%3A%22fade%22%2C%22animation-delay%22%3A%220.5s%22%7D%7D\u00bb]<div class=\"w-image us_custom_f1a4f275 us_animate_this align_center\"><div class=\"w-image-h\"><img loading=\"lazy\" decoding=\"async\" width=\"116\" height=\"5\" src=\"https:\/\/bombaybluetenerife.com\/wp-content\/uploads\/2022\/12\/separador.png\" class=\"attachment-full size-full\" alt=\"separador\" \/><\/div><\/div><\/div><\/div><\/div><\/div><\/section><section class=\"l-section wpb_row menu height_auto\"><div class=\"l-section-h i-cf\"><div class=\"g-cols vc_row via_grid cols_2 laptops-cols_inherit tablets-cols_inherit mobiles-cols_1 valign_middle type_default stacking_default\" style=\"grid-gap:2rem;\"><div class=\"wpb_column vc_column_container us_custom_bb82fd53 has_bg_color has-link\"><div class=\"vc_column-inner\"><h2 class=\"w-text us_custom_d44d8758 middle has_text_color\"><span class=\"w-text-h\"><span class=\"w-text-value\">Entrantes<\/span><\/span><\/h2><\/div><a href=\"https:\/\/bombaybluetenerife.com\/es\/entrantes\/\" class=\"vc_column-link smooth-scroll\" aria-label=\"Enlace\"><\/a><\/div><div class=\"wpb_column vc_column_container us_custom_640970de has_bg_color has-link\"><div class=\"vc_column-inner\"><h2 class=\"w-text us_custom_d44d8758 has_text_color\"><span class=\"w-text-h\"><span class=\"w-text-value\">Principales<\/span><\/span><\/h2><\/div><a href=\"https:\/\/bombaybluetenerife.com\/es\/principales\/\" class=\"vc_column-link smooth-scroll\" aria-label=\"Enlace\"><\/a><\/div><div class=\"wpb_column vc_column_container us_custom_70e71cec has_bg_color has-link\"><div class=\"vc_column-inner\"><h2 class=\"w-text us_custom_d44d8758 has_text_color\"><span class=\"w-text-h\"><span class=\"w-text-value\">Bebidas y cocktails<\/span><\/span><\/h2><\/div><a href=\"https:\/\/bombaybluetenerife.com\/es\/bebidas-y-cocktails\/\" class=\"vc_column-link smooth-scroll\" aria-label=\"Enlace\"><\/a><\/div><div class=\"wpb_column vc_column_container us_custom_531e4daf has_bg_color has-link\"><div class=\"vc_column-inner\"><h2 class=\"w-text us_custom_d44d8758 has_text_color\"><span class=\"w-text-h\"><span class=\"w-text-value\">Infantil<\/span><\/span><\/h2><\/div><a href=\"https:\/\/bombaybluetenerife.com\/es\/menu-infantil\/\" class=\"vc_column-link smooth-scroll\" aria-label=\"Enlace\"><\/a><\/div><div class=\"wpb_column vc_column_container us_custom_e768b3db has_bg_color has-link\"><div class=\"vc_column-inner\"><h2 class=\"w-text us_custom_d44d8758 has_text_color\"><span class=\"w-text-h\"><span class=\"w-text-value\">Al\u00e9rgenos<\/span><\/span><\/h2><\/div><a href=\"https:\/\/bombaybluetenerife.com\/es\/alergenos\/\" class=\"vc_column-link smooth-scroll\" aria-label=\"Enlace\"><\/a><\/div><\/div><\/div><\/section><section class=\"l-section wpb_row height_medium\"><div class=\"l-section-h i-cf\"><div class=\"g-cols vc_row via_grid cols_1 laptops-cols_inherit tablets-cols_inherit mobiles-cols_1 valign_top type_default stacking_default\"><div class=\"wpb_column vc_column_container\"><div class=\"vc_column-inner\"><div class=\"wpb_text_column us_custom_4d3af108 us_animate_this\"><div class=\"wpb_wrapper\"><p style=\"text-align: center;\">Disfruta de una experiencia culinaria \u00fanica en <strong>Bombay Blue<\/strong>, el <strong>restaurante indio en Tenerife<\/strong> que te transportar\u00e1 a las tierras ex\u00f3ticas de la India. Sabores aut\u00e9nticos, ambiente encantador y servicio excepcional te esperan.<\/p>\n<\/div><\/div><\/div><\/div><\/div><\/div><\/section>\n","protected":false},"excerpt":{"rendered":"[vc_custom_heading text=\"PLATOS PARA TODOS LOS GUSTOS\" font_container=\"tag:div|text_align:left\" use_theme_fonts=\"yes\" css=\"%7B%22default%22%3A%7B%22text-align%22%3A%22center%22%2C%22font-size%22%3A%220.8rem%22%2C%22text-transform%22%3A%22uppercase%22%2C%22animation-name%22%3A%22fade%22%2C%22animation-delay%22%3A%220.5s%22%7D%7D\"][vc_custom_heading text=\"MEN\u00da\" font_container=\"tag:h2|text_align:center\" use_theme_fonts=\"yes\" css=\"%7B%22default%22%3A%7B%22color%22%3A%22%23333333%22%2C%22animation-name%22%3A%22fade%22%2C%22animation-delay%22%3A%220.5s%22%7D%7D\"]EntrantesPrincipalesBebidas y cocktailsInfantilAl\u00e9rgenosDisfruta de una experiencia culinaria \u00fanica en Bombay Blue, el restaurante indio en Tenerife que te transportar\u00e1 a las tierras ex\u00f3ticas de la India. Sabores aut\u00e9nticos, ambiente encantador y servicio excepcional te esperan.","protected":false},"author":1,"featured_media":0,"parent":0,"menu_order":0,"comment_status":"closed","ping_status":"closed","template":"","meta":{"footnotes":""},"class_list":["post-468","page","type-page","status-publish","hentry"],"yoast_head":"<!-- This site is optimized with the Yoast SEO plugin v26.2 - https:\/\/yoast.com\/wordpress\/plugins\/seo\/ -->\n<title>Bombay Blue | Restaurante indio en Tenerife Sur - Gourmetland<\/title>\n<meta name=\"description\" content=\"Descubre los sabores aut\u00e9nticos de la India en Bombay Blue, el mejor restaurante indio en Tenerife. Deliciosos platos y ambiente excepcional.\" \/>\n<meta name=\"robots\" content=\"index, follow, max-snippet:-1, max-image-preview:large, max-video-preview:-1\" \/>\n<link rel=\"canonical\" href=\"https:\/\/bombaybluetenerife.com\/es\/menu\/\" \/>\n<meta property=\"og:locale\" content=\"es_ES\" \/>\n<meta property=\"og:type\" content=\"article\" \/>\n<meta property=\"og:title\" content=\"Bombay Blue | Restaurante indio en Tenerife Sur - Gourmetland\" \/>\n<meta property=\"og:description\" content=\"Descubre los sabores aut\u00e9nticos de la India en Bombay Blue, el mejor restaurante indio en Tenerife. Deliciosos platos y ambiente excepcional.\" \/>\n<meta property=\"og:url\" content=\"https:\/\/bombaybluetenerife.com\/es\/menu\/\" \/>\n<meta property=\"og:site_name\" content=\"Bombay Blue | Gourmetland Tenerife\" \/>\n<meta property=\"article:modified_time\" content=\"2026-05-13T12:44:39+00:00\" \/>\n<meta name=\"twitter:card\" content=\"summary_large_image\" \/>\n<meta name=\"twitter:label1\" content=\"Tiempo de lectura\" \/>\n\t<meta name=\"twitter:data1\" content=\"1 minuto\" \/>\n<script type=\"application\/ld+json\" class=\"yoast-schema-graph\">{\"@context\":\"https:\/\/schema.org\",\"@graph\":[{\"@type\":\"WebPage\",\"@id\":\"https:\/\/bombaybluetenerife.com\/es\/menu\/\",\"url\":\"https:\/\/bombaybluetenerife.com\/es\/menu\/\",\"name\":\"Bombay Blue | Restaurante indio en Tenerife Sur - Gourmetland\",\"isPartOf\":{\"@id\":\"https:\/\/bombaybluetenerife.com\/#website\"},\"datePublished\":\"2023-04-17T07:52:37+00:00\",\"dateModified\":\"2026-05-13T12:44:39+00:00\",\"description\":\"Descubre los sabores aut\u00e9nticos de la India en Bombay Blue, el mejor restaurante indio en Tenerife. Deliciosos platos y ambiente excepcional.\",\"inLanguage\":\"es\",\"potentialAction\":[{\"@type\":\"ReadAction\",\"target\":[\"https:\/\/bombaybluetenerife.com\/es\/menu\/\"]}]},{\"@type\":\"WebSite\",\"@id\":\"https:\/\/bombaybluetenerife.com\/#website\",\"url\":\"https:\/\/bombaybluetenerife.com\/\",\"name\":\"Bombay Blue | Gourmetland Tenerife\",\"description\":\"Restaurante Indio Tandoori\",\"publisher\":{\"@id\":\"https:\/\/bombaybluetenerife.com\/#organization\"},\"potentialAction\":[{\"@type\":\"SearchAction\",\"target\":{\"@type\":\"EntryPoint\",\"urlTemplate\":\"https:\/\/bombaybluetenerife.com\/?s={search_term_string}\"},\"query-input\":{\"@type\":\"PropertyValueSpecification\",\"valueRequired\":true,\"valueName\":\"search_term_string\"}}],\"inLanguage\":\"es\"},{\"@type\":[\"Organization\",\"Place\",\"Restaurant\"],\"@id\":\"https:\/\/bombaybluetenerife.com\/#organization\",\"name\":\"Bombay Blue\",\"url\":\"https:\/\/bombaybluetenerife.com\/\",\"logo\":{\"@id\":\"https:\/\/bombaybluetenerife.com\/es\/menu\/#local-main-organization-logo\"},\"image\":{\"@id\":\"https:\/\/bombaybluetenerife.com\/es\/menu\/#local-main-organization-logo\"},\"address\":{\"@id\":\"https:\/\/bombaybluetenerife.com\/es\/menu\/#local-main-place-address\"},\"geo\":{\"@type\":\"GeoCoordinates\",\"latitude\":\"28.055736538067634\",\"longitude\":\"-16.730585903471827\"},\"telephone\":[],\"contactPoint\":{\"@type\":\"ContactPoint\",\"telephone\":\"922 79 71 90\",\"email\":\"info@bombaybluetenerife.com\"},\"openingHoursSpecification\":[{\"@type\":\"OpeningHoursSpecification\",\"dayOfWeek\":[\"Monday\",\"Tuesday\",\"Wednesday\",\"Thursday\",\"Friday\",\"Saturday\",\"Sunday\"],\"opens\":\"13:00\",\"closes\":\"23:00\"}],\"areaServed\":\"Tenerife\",\"priceRange\":\"$$\",\"currenciesAccepted\":\"Euro\"},{\"@type\":\"PostalAddress\",\"@id\":\"https:\/\/bombaybluetenerife.com\/es\/menu\/#local-main-place-address\",\"streetAddress\":\"Safari, First Floor, Av. las Am\u00e9ricas, 5, 38660 Playa de la Am\u00e9ricas, Santa Cruz de Tenerife\",\"addressLocality\":\"Playa de la Am\u00e9ricas\",\"postalCode\":\"38660\",\"addressCountry\":\"ES\"},{\"@type\":\"ImageObject\",\"inLanguage\":\"es\",\"@id\":\"https:\/\/bombaybluetenerife.com\/es\/menu\/#local-main-organization-logo\",\"url\":\"https:\/\/bombaybluetenerife.com\/wp-content\/uploads\/2023\/05\/bombay-blue.png\",\"contentUrl\":\"https:\/\/bombaybluetenerife.com\/wp-content\/uploads\/2023\/05\/bombay-blue.png\",\"width\":350,\"height\":350,\"caption\":\"Bombay Blue\"}]}<\/script>\n<meta name=\"geo.placename\" content=\"Playa de la Am\u00e9ricas\" \/>\n<meta name=\"geo.position\" content=\"28.055736538067634;-16.730585903471827\" \/>\n<meta name=\"geo.region\" content=\"Espa\u00f1a\" \/>\n<!-- \/ Yoast SEO plugin. -->","yoast_head_json":{"title":"Bombay Blue | Restaurante indio en Tenerife Sur - Gourmetland","description":"Descubre los sabores aut\u00e9nticos de la India en Bombay Blue, el mejor restaurante indio en Tenerife. Deliciosos platos y ambiente excepcional.","robots":{"index":"index","follow":"follow","max-snippet":"max-snippet:-1","max-image-preview":"max-image-preview:large","max-video-preview":"max-video-preview:-1"},"canonical":"https:\/\/bombaybluetenerife.com\/es\/menu\/","og_locale":"es_ES","og_type":"article","og_title":"Bombay Blue | Restaurante indio en Tenerife Sur - Gourmetland","og_description":"Descubre los sabores aut\u00e9nticos de la India en Bombay Blue, el mejor restaurante indio en Tenerife. Deliciosos platos y ambiente excepcional.","og_url":"https:\/\/bombaybluetenerife.com\/es\/menu\/","og_site_name":"Bombay Blue | Gourmetland Tenerife","article_modified_time":"2026-05-13T12:44:39+00:00","twitter_card":"summary_large_image","twitter_misc":{"Tiempo de lectura":"1 minuto"},"schema":{"@context":"https:\/\/schema.org","@graph":[{"@type":"WebPage","@id":"https:\/\/bombaybluetenerife.com\/es\/menu\/","url":"https:\/\/bombaybluetenerife.com\/es\/menu\/","name":"Bombay Blue | Restaurante indio en Tenerife Sur - Gourmetland","isPartOf":{"@id":"https:\/\/bombaybluetenerife.com\/#website"},"datePublished":"2023-04-17T07:52:37+00:00","dateModified":"2026-05-13T12:44:39+00:00","description":"Descubre los sabores aut\u00e9nticos de la India en Bombay Blue, el mejor restaurante indio en Tenerife. Deliciosos platos y ambiente excepcional.","inLanguage":"es","potentialAction":[{"@type":"ReadAction","target":["https:\/\/bombaybluetenerife.com\/es\/menu\/"]}]},{"@type":"WebSite","@id":"https:\/\/bombaybluetenerife.com\/#website","url":"https:\/\/bombaybluetenerife.com\/","name":"Bombay Blue | Gourmetland Tenerife","description":"Restaurante Indio Tandoori","publisher":{"@id":"https:\/\/bombaybluetenerife.com\/#organization"},"potentialAction":[{"@type":"SearchAction","target":{"@type":"EntryPoint","urlTemplate":"https:\/\/bombaybluetenerife.com\/?s={search_term_string}"},"query-input":{"@type":"PropertyValueSpecification","valueRequired":true,"valueName":"search_term_string"}}],"inLanguage":"es"},{"@type":["Organization","Place","Restaurant"],"@id":"https:\/\/bombaybluetenerife.com\/#organization","name":"Bombay Blue","url":"https:\/\/bombaybluetenerife.com\/","logo":{"@id":"https:\/\/bombaybluetenerife.com\/es\/menu\/#local-main-organization-logo"},"image":{"@id":"https:\/\/bombaybluetenerife.com\/es\/menu\/#local-main-organization-logo"},"address":{"@id":"https:\/\/bombaybluetenerife.com\/es\/menu\/#local-main-place-address"},"geo":{"@type":"GeoCoordinates","latitude":"28.055736538067634","longitude":"-16.730585903471827"},"telephone":[],"contactPoint":{"@type":"ContactPoint","telephone":"922 79 71 90","email":"info@bombaybluetenerife.com"},"openingHoursSpecification":[{"@type":"OpeningHoursSpecification","dayOfWeek":["Monday","Tuesday","Wednesday","Thursday","Friday","Saturday","Sunday"],"opens":"13:00","closes":"23:00"}],"areaServed":"Tenerife","priceRange":"$$","currenciesAccepted":"Euro"},{"@type":"PostalAddress","@id":"https:\/\/bombaybluetenerife.com\/es\/menu\/#local-main-place-address","streetAddress":"Safari, First Floor, Av. las Am\u00e9ricas, 5, 38660 Playa de la Am\u00e9ricas, Santa Cruz de Tenerife","addressLocality":"Playa de la Am\u00e9ricas","postalCode":"38660","addressCountry":"ES"},{"@type":"ImageObject","inLanguage":"es","@id":"https:\/\/bombaybluetenerife.com\/es\/menu\/#local-main-organization-logo","url":"https:\/\/bombaybluetenerife.com\/wp-content\/uploads\/2023\/05\/bombay-blue.png","contentUrl":"https:\/\/bombaybluetenerife.com\/wp-content\/uploads\/2023\/05\/bombay-blue.png","width":350,"height":350,"caption":"Bombay Blue"}]},"geo.placename":"Playa de la Am\u00e9ricas","geo.position":{"lat":"28.055736538067634","long":"-16.730585903471827"},"geo.region":"Espa\u00f1a"},"_links":{"self":[{"href":"https:\/\/bombaybluetenerife.com\/es\/wp-json\/wp\/v2\/pages\/468","targetHints":{"allow":["GET"]}}],"collection":[{"href":"https:\/\/bombaybluetenerife.com\/es\/wp-json\/wp\/v2\/pages"}],"about":[{"href":"https:\/\/bombaybluetenerife.com\/es\/wp-json\/wp\/v2\/types\/page"}],"author":[{"embeddable":true,"href":"https:\/\/bombaybluetenerife.com\/es\/wp-json\/wp\/v2\/users\/1"}],"replies":[{"embeddable":true,"href":"https:\/\/bombaybluetenerife.com\/es\/wp-json\/wp\/v2\/comments?post=468"}],"version-history":[{"count":13,"href":"https:\/\/bombaybluetenerife.com\/es\/wp-json\/wp\/v2\/pages\/468\/revisions"}],"predecessor-version":[{"id":998,"href":"https:\/\/bombaybluetenerife.com\/es\/wp-json\/wp\/v2\/pages\/468\/revisions\/998"}],"wp:attachment":[{"href":"https:\/\/bombaybluetenerife.com\/es\/wp-json\/wp\/v2\/media?parent=468"}],"curies":[{"name":"wp","href":"https:\/\/api.w.org\/{rel}","templated":true}]}}