{"id":92,"date":"2022-12-15T15:55:08","date_gmt":"2022-12-15T15:55:08","guid":{"rendered":"https:\/\/bombaybluetenerife.com\/?page_id=92"},"modified":"2023-11-17T10:31:15","modified_gmt":"2023-11-17T10:31:15","slug":"cookie-policy","status":"publish","type":"page","link":"https:\/\/bombaybluetenerife.com\/en\/cookie-policy\/","title":{"rendered":"Cookie Policy"},"content":{"rendered":"<section class=\"l-section wpb_row height_medium\"><div class=\"l-section-h i-cf\"><div class=\"g-cols vc_row via_grid cols_1 laptops-cols_inherit tablets-cols_inherit mobiles-cols_1 valign_top type_default stacking_default\"><div class=\"wpb_column vc_column_container\"><div class=\"vc_column-inner\">[vc_custom_heading source=&#8221;post_title&#8221; use_theme_fonts=&#8221;yes&#8221;]<\/div><\/div><\/div><\/div><\/section><section class=\"l-section wpb_row height_small\"><div class=\"l-section-h i-cf\"><div class=\"g-cols vc_row via_grid cols_1 laptops-cols_inherit tablets-cols_inherit mobiles-cols_1 valign_top type_default stacking_default\"><div class=\"wpb_column vc_column_container\"><div class=\"vc_column-inner\"><div class=\"wpb_text_column\"><div class=\"wpb_wrapper\"><p lang=\"en-US\" align=\"justify\"><strong>What are cookies?<\/strong><\/p>\n<p lang=\"en-US\" align=\"justify\">Cookies are files that can be downloaded to your computer through web pages. They are tools that play an essential role in the provision of numerous services of the information society. Among others, they allow a web page to store and retrieve information about the browsing habits of a user or their equipment and, depending on the information obtained, they can be used to recognize the user and improve the service offered.<\/p>\n<p lang=\"en-US\" align=\"justify\"><strong>Types of cookies<\/strong><\/p>\n<p lang=\"en-US\" align=\"justify\">Depending on who is the entity that manages the domain from where the cookies are sent and treats the data obtained, two types can be distinguished:<\/p>\n<p lang=\"en-US\" align=\"justify\">\u2022 Own cookies: those that are sent to the user&#8217;s terminal equipment from a computer or domain managed by the editor itself and from which the service requested by the user is provided.<\/p>\n<p lang=\"en-US\" align=\"justify\">\u2022 Third-party cookies: those that are sent to the user&#8217;s terminal equipment from a computer or domain that is not managed by the publisher, but by another entity that processes the data obtained through cookies.<\/p>\n<p lang=\"en-US\" align=\"justify\">In the event that cookies are installed from a computer or domain managed by the publisher himself, but the information collected through them is managed by a third party, they cannot be considered as own cookies.<\/p>\n<p lang=\"en-US\" align=\"justify\">There is also a second classification according to the period of time that they remain stored in the client&#8217;s browser, which may be:<\/p>\n<p lang=\"en-US\" align=\"justify\">\u2022 Session cookies: designed to collect and store data while the user accesses a web page. They are usually used to store information that is only of interest for the provision of the service requested by the user on that single occasion.<\/p>\n<p lang=\"en-US\" align=\"justify\">\u2022 Persistent cookies: the data is still stored in the terminal and can be accessed and processed for a period defined by the person responsible for the cookie, which can range from a few minutes to several years.<\/p>\n<p lang=\"en-US\" align=\"justify\">Finally, there is another classification with five types of cookies according to the purpose for which the data obtained is processed:<\/p>\n<p lang=\"en-US\" align=\"justify\">\u2022 Technical cookies: those that allow the user to navigate through a web page, platform or application and use the different options or services that exist in it, such as, for example, controlling traffic and data communication, identifying the session, access parts of restricted access, remember the elements that make up an order, carry out the process of purchasing an order, make a request for registration or participation in an event, use security elements while browsing, store content for dissemination of videos or sound or share content through social networks.<\/p>\n<p lang=\"en-US\" align=\"justify\">\u2022 Personalization cookies: allow the user to access the service with some predefined general characteristics based on a series of criteria in the user&#8217;s terminal, such as the language, the type of browser through which to access the service, the regional configuration from where to access the service, etc.<\/p>\n<p lang=\"en-US\" align=\"justify\">\u2022 Analysis cookies: they allow the person responsible for them to monitor and analyze the behavior of the users of the websites to which they are linked. The information collected through this type of cookies is used to measure the activity of the websites, application or platform and to create navigation profiles of the users of <span lang=\"es-ES-u-co-trad\">these <\/span>sites, applications and platforms, in order to introduce improvements based on the analysis of the usage data made by the users of the service.<\/p>\n<p lang=\"en-US\" align=\"justify\">\u2022 Advertising cookies: allow the management, in the most efficient way possible, of the advertising spaces.<\/p>\n<p lang=\"en-US\" align=\"justify\">\u2022 Behavioral advertising cookies: they store information on the behavior of users obtained through the continuous observation of their browsing habits, which allows the development of a specific profile to display <span lang=\"es-ES-u-co-trad\">based on such behavior<\/span>.<\/p>\n<p lang=\"en-US\" align=\"justify\">\u2022 Cookies from external social networks: they are used so that visitors can interact with the content of different social platforms (facebook, youtube, twitter, linkedIn, <span lang=\"es-ES-u-co-trad\">etc<\/span>.) and that are generated only for users of said social networks. The conditions of use of these cookies and the information collected are regulated by the privacy policy of the corresponding social platform.<\/p>\n<p lang=\"en-US\" align=\"justify\"><strong>Deactivation and elimination of cookies<\/strong><\/p>\n<p lang=\"en-US\" align=\"justify\">You have the option to allow, block or delete the cookies installed on your computer by configuring the browser options installed on your computer. By deactivating cookies, some of the available services may no longer be operational. The way to disable cookies is different for each browser, but it can usually be done from the Tools or Options menu. You can also consult the Help menu of the browser where you can find instructions. The user may at any time choose which cookies he wants to work on this website.<\/p>\n<p lang=\"en-US\" align=\"justify\">You can allow, block or delete the cookies installed on your computer by configuring the browser options installed on your computer:<\/p>\n<p lang=\"en-US\" align=\"justify\">\u2022 <span lang=\"pt-PT\">Microsoft Internet Explorer o Microsoft Edge:<\/span><\/p>\n<p lang=\"en-US\" align=\"justify\"><a href=\"http:\/\/windows.microsoft.com\/es-es\/windows-vista\/Block-or-allow-cookies\">http:\/\/windows.microsoft.com\/es-es\/windows-vista\/Block-or-allow-cookies<\/a><\/p>\n<p lang=\"en-US\" align=\"justify\">\u2022 Mozilla Firefox: <a href=\"http:\/\/support.mozilla.org\/es\/kb\/impedir-que-los-sitios-web-guarden-sus-preferencia\">http:\/\/support.mozilla.org\/es\/kb\/impedir-que-los-sitios-web-guarden-sus-preferencia<\/a><\/p>\n<p lang=\"en-US\" align=\"justify\">\u2022 Chrome: <a href=\"https:\/\/support.google.com\/accounts\/answer\/61416?hl=es\">https:\/\/support.google.com\/accounts\/answer\/61416?hl=es<\/a><\/p>\n<p lang=\"en-US\" align=\"justify\">\u2022 <span lang=\"es-ES-u-co-trad\">Safari: <a href=\"http:\/\/safari.helpmax.net\/es\/privacidad-y-seguridad\/como-gestionar-las-cookies\/\">http:\/\/safari.helpmax.net\/es\/privacidad-y-seguridad\/como-gestionar-las-cookies\/<\/a><\/span><\/p>\n<p lang=\"en-US\" align=\"justify\">\u2022 Opera: <a href=\"http:\/\/help.opera.com\/Linux\/10.60\/es-ES\/cookies.html\">http:\/\/help.opera.com\/Linux\/10.60\/es-ES\/cookies.html<\/a><\/p>\n<\/div><\/div><\/div><\/div><\/div><\/div><\/section>\n","protected":false},"excerpt":{"rendered":"[vc_custom_heading source=\"post_title\" use_theme_fonts=\"yes\"]What are cookies? Cookies are files that can be downloaded to your computer through web pages. They are tools that play an essential role in the provision of numerous services of the information society. Among others, they allow a web page to store and retrieve information about the browsing habits of a user...","protected":false},"author":1,"featured_media":0,"parent":0,"menu_order":0,"comment_status":"closed","ping_status":"closed","template":"","meta":{"footnotes":""},"class_list":["post-92","page","type-page","status-publish","hentry"],"yoast_head":"<!-- This site is optimized with the Yoast SEO plugin v26.2 - https:\/\/yoast.com\/wordpress\/plugins\/seo\/ -->\n<title>Cookie Policy - Bombay Blue | Gourmetland Tenerife<\/title>\n<meta name=\"robots\" content=\"index, follow, max-snippet:-1, max-image-preview:large, max-video-preview:-1\" \/>\n<link rel=\"canonical\" href=\"https:\/\/bombaybluetenerife.com\/en\/cookie-policy\/\" \/>\n<meta property=\"og:locale\" content=\"en_US\" \/>\n<meta property=\"og:type\" content=\"article\" \/>\n<meta property=\"og:title\" content=\"Cookie Policy - Bombay Blue | Gourmetland Tenerife\" \/>\n<meta property=\"og:url\" content=\"https:\/\/bombaybluetenerife.com\/en\/cookie-policy\/\" \/>\n<meta property=\"og:site_name\" content=\"Bombay Blue | Gourmetland Tenerife\" \/>\n<meta property=\"article:modified_time\" content=\"2023-11-17T10:31:15+00:00\" \/>\n<meta name=\"twitter:card\" content=\"summary_large_image\" \/>\n<meta name=\"twitter:label1\" content=\"Est. reading time\" \/>\n\t<meta name=\"twitter:data1\" content=\"4 minutes\" \/>\n<script type=\"application\/ld+json\" class=\"yoast-schema-graph\">{\"@context\":\"https:\/\/schema.org\",\"@graph\":[{\"@type\":\"WebPage\",\"@id\":\"https:\/\/bombaybluetenerife.com\/en\/cookie-policy\/\",\"url\":\"https:\/\/bombaybluetenerife.com\/en\/cookie-policy\/\",\"name\":\"Cookie Policy - Bombay Blue | Gourmetland Tenerife\",\"isPartOf\":{\"@id\":\"https:\/\/bombaybluetenerife.com\/#website\"},\"datePublished\":\"2022-12-15T15:55:08+00:00\",\"dateModified\":\"2023-11-17T10:31:15+00:00\",\"inLanguage\":\"en-US\",\"potentialAction\":[{\"@type\":\"ReadAction\",\"target\":[\"https:\/\/bombaybluetenerife.com\/en\/cookie-policy\/\"]}]},{\"@type\":\"WebSite\",\"@id\":\"https:\/\/bombaybluetenerife.com\/#website\",\"url\":\"https:\/\/bombaybluetenerife.com\/\",\"name\":\"Bombay Blue | Gourmetland Tenerife\",\"description\":\"Restaurante Indio Tandoori\",\"publisher\":{\"@id\":\"https:\/\/bombaybluetenerife.com\/#organization\"},\"potentialAction\":[{\"@type\":\"SearchAction\",\"target\":{\"@type\":\"EntryPoint\",\"urlTemplate\":\"https:\/\/bombaybluetenerife.com\/?s={search_term_string}\"},\"query-input\":{\"@type\":\"PropertyValueSpecification\",\"valueRequired\":true,\"valueName\":\"search_term_string\"}}],\"inLanguage\":\"en-US\"},{\"@type\":[\"Organization\",\"Place\",\"Restaurant\"],\"@id\":\"https:\/\/bombaybluetenerife.com\/#organization\",\"name\":\"Bombay Blue\",\"url\":\"https:\/\/bombaybluetenerife.com\/\",\"logo\":{\"@id\":\"https:\/\/bombaybluetenerife.com\/en\/cookie-policy\/#local-main-organization-logo\"},\"image\":{\"@id\":\"https:\/\/bombaybluetenerife.com\/en\/cookie-policy\/#local-main-organization-logo\"},\"address\":{\"@id\":\"https:\/\/bombaybluetenerife.com\/en\/cookie-policy\/#local-main-place-address\"},\"geo\":{\"@type\":\"GeoCoordinates\",\"latitude\":\"28.055736538067634\",\"longitude\":\"-16.730585903471827\"},\"telephone\":[],\"contactPoint\":{\"@type\":\"ContactPoint\",\"telephone\":\"922 79 71 90\",\"email\":\"info@bombaybluetenerife.com\"},\"openingHoursSpecification\":[{\"@type\":\"OpeningHoursSpecification\",\"dayOfWeek\":[\"Monday\",\"Tuesday\",\"Wednesday\",\"Thursday\",\"Friday\",\"Saturday\",\"Sunday\"],\"opens\":\"13:00\",\"closes\":\"23:00\"}],\"areaServed\":\"Tenerife\",\"priceRange\":\"$$\",\"currenciesAccepted\":\"Euro\"},{\"@type\":\"PostalAddress\",\"@id\":\"https:\/\/bombaybluetenerife.com\/en\/cookie-policy\/#local-main-place-address\",\"streetAddress\":\"Safari, First Floor, Av. las Am\u00e9ricas, 5, 38660 Playa de la Am\u00e9ricas, Santa Cruz de Tenerife\",\"addressLocality\":\"Playa de la Am\u00e9ricas\",\"postalCode\":\"38660\",\"addressCountry\":\"ES\"},{\"@type\":\"ImageObject\",\"inLanguage\":\"en-US\",\"@id\":\"https:\/\/bombaybluetenerife.com\/en\/cookie-policy\/#local-main-organization-logo\",\"url\":\"https:\/\/bombaybluetenerife.com\/wp-content\/uploads\/2023\/05\/bombay-blue.png\",\"contentUrl\":\"https:\/\/bombaybluetenerife.com\/wp-content\/uploads\/2023\/05\/bombay-blue.png\",\"width\":350,\"height\":350,\"caption\":\"Bombay Blue\"}]}<\/script>\n<meta name=\"geo.placename\" content=\"Playa de la Am\u00e9ricas\" \/>\n<meta name=\"geo.position\" content=\"28.055736538067634;-16.730585903471827\" \/>\n<meta name=\"geo.region\" content=\"Spain\" \/>\n<!-- \/ Yoast SEO plugin. -->","yoast_head_json":{"title":"Cookie Policy - Bombay Blue | Gourmetland Tenerife","robots":{"index":"index","follow":"follow","max-snippet":"max-snippet:-1","max-image-preview":"max-image-preview:large","max-video-preview":"max-video-preview:-1"},"canonical":"https:\/\/bombaybluetenerife.com\/en\/cookie-policy\/","og_locale":"en_US","og_type":"article","og_title":"Cookie Policy - Bombay Blue | Gourmetland Tenerife","og_url":"https:\/\/bombaybluetenerife.com\/en\/cookie-policy\/","og_site_name":"Bombay Blue | Gourmetland Tenerife","article_modified_time":"2023-11-17T10:31:15+00:00","twitter_card":"summary_large_image","twitter_misc":{"Est. reading time":"4 minutes"},"schema":{"@context":"https:\/\/schema.org","@graph":[{"@type":"WebPage","@id":"https:\/\/bombaybluetenerife.com\/en\/cookie-policy\/","url":"https:\/\/bombaybluetenerife.com\/en\/cookie-policy\/","name":"Cookie Policy - Bombay Blue | Gourmetland Tenerife","isPartOf":{"@id":"https:\/\/bombaybluetenerife.com\/#website"},"datePublished":"2022-12-15T15:55:08+00:00","dateModified":"2023-11-17T10:31:15+00:00","inLanguage":"en-US","potentialAction":[{"@type":"ReadAction","target":["https:\/\/bombaybluetenerife.com\/en\/cookie-policy\/"]}]},{"@type":"WebSite","@id":"https:\/\/bombaybluetenerife.com\/#website","url":"https:\/\/bombaybluetenerife.com\/","name":"Bombay Blue | Gourmetland Tenerife","description":"Restaurante Indio Tandoori","publisher":{"@id":"https:\/\/bombaybluetenerife.com\/#organization"},"potentialAction":[{"@type":"SearchAction","target":{"@type":"EntryPoint","urlTemplate":"https:\/\/bombaybluetenerife.com\/?s={search_term_string}"},"query-input":{"@type":"PropertyValueSpecification","valueRequired":true,"valueName":"search_term_string"}}],"inLanguage":"en-US"},{"@type":["Organization","Place","Restaurant"],"@id":"https:\/\/bombaybluetenerife.com\/#organization","name":"Bombay Blue","url":"https:\/\/bombaybluetenerife.com\/","logo":{"@id":"https:\/\/bombaybluetenerife.com\/en\/cookie-policy\/#local-main-organization-logo"},"image":{"@id":"https:\/\/bombaybluetenerife.com\/en\/cookie-policy\/#local-main-organization-logo"},"address":{"@id":"https:\/\/bombaybluetenerife.com\/en\/cookie-policy\/#local-main-place-address"},"geo":{"@type":"GeoCoordinates","latitude":"28.055736538067634","longitude":"-16.730585903471827"},"telephone":[],"contactPoint":{"@type":"ContactPoint","telephone":"922 79 71 90","email":"info@bombaybluetenerife.com"},"openingHoursSpecification":[{"@type":"OpeningHoursSpecification","dayOfWeek":["Monday","Tuesday","Wednesday","Thursday","Friday","Saturday","Sunday"],"opens":"13:00","closes":"23:00"}],"areaServed":"Tenerife","priceRange":"$$","currenciesAccepted":"Euro"},{"@type":"PostalAddress","@id":"https:\/\/bombaybluetenerife.com\/en\/cookie-policy\/#local-main-place-address","streetAddress":"Safari, First Floor, Av. las Am\u00e9ricas, 5, 38660 Playa de la Am\u00e9ricas, Santa Cruz de Tenerife","addressLocality":"Playa de la Am\u00e9ricas","postalCode":"38660","addressCountry":"ES"},{"@type":"ImageObject","inLanguage":"en-US","@id":"https:\/\/bombaybluetenerife.com\/en\/cookie-policy\/#local-main-organization-logo","url":"https:\/\/bombaybluetenerife.com\/wp-content\/uploads\/2023\/05\/bombay-blue.png","contentUrl":"https:\/\/bombaybluetenerife.com\/wp-content\/uploads\/2023\/05\/bombay-blue.png","width":350,"height":350,"caption":"Bombay Blue"}]},"geo.placename":"Playa de la Am\u00e9ricas","geo.position":{"lat":"28.055736538067634","long":"-16.730585903471827"},"geo.region":"Spain"},"_links":{"self":[{"href":"https:\/\/bombaybluetenerife.com\/en\/wp-json\/wp\/v2\/pages\/92","targetHints":{"allow":["GET"]}}],"collection":[{"href":"https:\/\/bombaybluetenerife.com\/en\/wp-json\/wp\/v2\/pages"}],"about":[{"href":"https:\/\/bombaybluetenerife.com\/en\/wp-json\/wp\/v2\/types\/page"}],"author":[{"embeddable":true,"href":"https:\/\/bombaybluetenerife.com\/en\/wp-json\/wp\/v2\/users\/1"}],"replies":[{"embeddable":true,"href":"https:\/\/bombaybluetenerife.com\/en\/wp-json\/wp\/v2\/comments?post=92"}],"version-history":[{"count":3,"href":"https:\/\/bombaybluetenerife.com\/en\/wp-json\/wp\/v2\/pages\/92\/revisions"}],"predecessor-version":[{"id":785,"href":"https:\/\/bombaybluetenerife.com\/en\/wp-json\/wp\/v2\/pages\/92\/revisions\/785"}],"wp:attachment":[{"href":"https:\/\/bombaybluetenerife.com\/en\/wp-json\/wp\/v2\/media?parent=92"}],"curies":[{"name":"wp","href":"https:\/\/api.w.org\/{rel}","templated":true}]}}