{"id":771,"date":"2023-07-24T10:02:45","date_gmt":"2023-07-24T10:02:45","guid":{"rendered":"https:\/\/bombaybluetenerife.com\/?page_id=771"},"modified":"2024-01-17T09:59:42","modified_gmt":"2024-01-17T09:59:42","slug":"kids-menu","status":"publish","type":"page","link":"https:\/\/bombaybluetenerife.com\/en\/kids-menu\/","title":{"rendered":"Kid&#8217;s Menu"},"content":{"rendered":"<section class=\"l-section wpb_row us_custom_de67d1db height_medium width_full\"><div class=\"l-section-h i-cf\"><div class=\"g-cols vc_row via_grid cols_1 laptops-cols_inherit tablets-cols_inherit mobiles-cols_1 valign_top type_default stacking_default\"><div class=\"wpb_column vc_column_container\"><div class=\"vc_column-inner\">[vc_custom_heading text=&#8221;MENU&#8221; font_container=&#8221;tag:div|text_align:left&#8221; use_theme_fonts=&#8221;yes&#8221; css=&#8221;%7B%22default%22%3A%7B%22text-align%22%3A%22center%22%2C%22font-size%22%3A%220.8rem%22%2C%22text-transform%22%3A%22uppercase%22%2C%22animation-name%22%3A%22fade%22%2C%22animation-delay%22%3A%220.5s%22%7D%7D&#8221;][vc_custom_heading text=&#8221;Kid&#8217;s menu&#8221; font_container=&#8221;tag:h2|text_align:center&#8221; use_theme_fonts=&#8221;yes&#8221; css=&#8221;%7B%22default%22%3A%7B%22color%22%3A%22%23333333%22%2C%22text-transform%22%3A%22uppercase%22%2C%22animation-name%22%3A%22fade%22%2C%22animation-delay%22%3A%220.5s%22%7D%7D&#8221;]<div class=\"w-image us_custom_f1a4f275 us_animate_this align_center\"><div class=\"w-image-h\"><img loading=\"lazy\" decoding=\"async\" width=\"116\" height=\"5\" src=\"https:\/\/bombaybluetenerife.com\/wp-content\/uploads\/2022\/12\/separador.png\" class=\"attachment-full size-full\" alt=\"separador\" \/><\/div><\/div><\/div><\/div><\/div><\/div><\/section><section class=\"l-section wpb_row us_custom_f1a4f275 us_animate_this height_auto\"><div class=\"l-section-h i-cf\"><div class=\"g-cols vc_row via_grid cols_1 laptops-cols_inherit tablets-cols_inherit mobiles-cols_1 valign_top type_default stacking_default\"><div class=\"wpb_column vc_column_container\"><div class=\"vc_column-inner\"><div class=\"w-tabs style_default switch_click accordion has_scrolling\" style=\"--sections-title-size:inherit\"><div class=\"w-tabs-sections titles-align_none icon_chevron cpos_right\"><div class=\"w-tabs-section active\" id=\"vc6e\"><button class=\"w-tabs-section-header active with_icon\" aria-controls=\"content-vc6e\" aria-expanded=\"true\"><i class=\"fas fa-drumstick\"><\/i><div class=\"w-tabs-section-title\">KID&#8217;S<\/div><div class=\"w-tabs-section-control\"><\/div><\/button><div  class=\"w-tabs-section-content\" id=\"content-vc6e\"><div class=\"w-tabs-section-content-h i-cf\"><div class=\"g-cols wpb_row via_grid cols_2 laptops-cols_inherit tablets-cols_inherit mobiles-cols_1 valign_top type_default stacking_default\"><div class=\"wpb_column vc_column_container\"><div class=\"vc_column-inner\"><div class=\"w-vwrapper align_none valign_top\"><div class=\"wpb_text_column\"><div class=\"wpb_wrapper\"><h4>Butter Chicken<\/h4>\n<p>With chips or rice.<\/p>\n<\/div><\/div><div class=\"w-hwrapper align_none valign_top\" style=\"--hwrapper-gap:0.5rem\"><div class=\"w-image align_none\"><div class=\"w-image-h\"><img loading=\"lazy\" decoding=\"async\" width=\"24\" height=\"24\" src=\"https:\/\/bombaybluetenerife.com\/wp-content\/uploads\/2023\/04\/lactosa-large.png\" class=\"attachment-full size-full\" alt=\"lactosa\" srcset=\"https:\/\/bombaybluetenerife.com\/wp-content\/uploads\/2023\/04\/lactosa-large.png 24w, https:\/\/bombaybluetenerife.com\/wp-content\/uploads\/2023\/04\/lactosa-large-16x16.png 16w\" sizes=\"auto, (max-width: 24px) 100vw, 24px\" \/><\/div><\/div><\/div><div class=\"w-separator size_medium\"><\/div><\/div><\/div><\/div><div class=\"wpb_column vc_column_container\"><div class=\"vc_column-inner\"><div class=\"w-vwrapper align_none valign_top\"><div class=\"wpb_text_column\"><div class=\"wpb_wrapper\"><h4>Chicken Tikka<\/h4>\n<p>With chips or rice.<\/p>\n<\/div><\/div><div class=\"w-hwrapper align_none valign_top\" style=\"--hwrapper-gap:0.5rem\"><div class=\"w-image align_none\"><div class=\"w-image-h\"><img loading=\"lazy\" decoding=\"async\" width=\"24\" height=\"24\" src=\"https:\/\/bombaybluetenerife.com\/wp-content\/uploads\/2023\/04\/lactosa-large.png\" class=\"attachment-full size-full\" alt=\"lactosa\" srcset=\"https:\/\/bombaybluetenerife.com\/wp-content\/uploads\/2023\/04\/lactosa-large.png 24w, https:\/\/bombaybluetenerife.com\/wp-content\/uploads\/2023\/04\/lactosa-large-16x16.png 16w\" sizes=\"auto, (max-width: 24px) 100vw, 24px\" \/><\/div><\/div><\/div><div class=\"w-separator size_medium\"><\/div><\/div><\/div><\/div><\/div><div class=\"g-cols wpb_row via_grid cols_2 laptops-cols_inherit tablets-cols_inherit mobiles-cols_1 valign_top type_default stacking_default\"><div class=\"wpb_column vc_column_container\"><div class=\"vc_column-inner\"><div class=\"w-vwrapper align_none valign_top\"><div class=\"wpb_text_column\"><div class=\"wpb_wrapper\"><h4>Chicken Tikka Masala<\/h4>\n<p>With chips or rice.<\/p>\n<\/div><\/div><div class=\"w-hwrapper align_none valign_top\" style=\"--hwrapper-gap:0.5rem\"><div class=\"w-image align_none\"><div class=\"w-image-h\"><img loading=\"lazy\" decoding=\"async\" width=\"24\" height=\"24\" src=\"https:\/\/bombaybluetenerife.com\/wp-content\/uploads\/2023\/04\/frutos-secos-large.png\" class=\"attachment-full size-full\" alt=\"frutos secos\" srcset=\"https:\/\/bombaybluetenerife.com\/wp-content\/uploads\/2023\/04\/frutos-secos-large.png 24w, https:\/\/bombaybluetenerife.com\/wp-content\/uploads\/2023\/04\/frutos-secos-large-16x16.png 16w\" sizes=\"auto, (max-width: 24px) 100vw, 24px\" \/><\/div><\/div><div class=\"w-image align_none\"><div class=\"w-image-h\"><img loading=\"lazy\" decoding=\"async\" width=\"24\" height=\"24\" src=\"https:\/\/bombaybluetenerife.com\/wp-content\/uploads\/2023\/04\/lactosa-large.png\" class=\"attachment-full size-full\" alt=\"lactosa\" srcset=\"https:\/\/bombaybluetenerife.com\/wp-content\/uploads\/2023\/04\/lactosa-large.png 24w, https:\/\/bombaybluetenerife.com\/wp-content\/uploads\/2023\/04\/lactosa-large-16x16.png 16w\" sizes=\"auto, (max-width: 24px) 100vw, 24px\" \/><\/div><\/div><\/div><div class=\"w-separator size_medium\"><\/div><\/div><\/div><\/div><div class=\"wpb_column vc_column_container\"><div class=\"vc_column-inner\"><div class=\"w-vwrapper align_none valign_top\"><div class=\"wpb_text_column\"><div class=\"wpb_wrapper\"><h4>Chicken Kotma<\/h4>\n<p>With chips or rice.<\/p>\n<\/div><\/div><div class=\"w-hwrapper align_none valign_top\" style=\"--hwrapper-gap:0.5rem\"><div class=\"w-image align_none\"><div class=\"w-image-h\"><img loading=\"lazy\" decoding=\"async\" width=\"24\" height=\"24\" src=\"https:\/\/bombaybluetenerife.com\/wp-content\/uploads\/2023\/04\/frutos-secos-large.png\" class=\"attachment-full size-full\" alt=\"frutos secos\" srcset=\"https:\/\/bombaybluetenerife.com\/wp-content\/uploads\/2023\/04\/frutos-secos-large.png 24w, https:\/\/bombaybluetenerife.com\/wp-content\/uploads\/2023\/04\/frutos-secos-large-16x16.png 16w\" sizes=\"auto, (max-width: 24px) 100vw, 24px\" \/><\/div><\/div><div class=\"w-image align_none\"><div class=\"w-image-h\"><img loading=\"lazy\" decoding=\"async\" width=\"24\" height=\"24\" src=\"https:\/\/bombaybluetenerife.com\/wp-content\/uploads\/2023\/04\/lactosa-large.png\" class=\"attachment-full size-full\" alt=\"lactosa\" srcset=\"https:\/\/bombaybluetenerife.com\/wp-content\/uploads\/2023\/04\/lactosa-large.png 24w, https:\/\/bombaybluetenerife.com\/wp-content\/uploads\/2023\/04\/lactosa-large-16x16.png 16w\" sizes=\"auto, (max-width: 24px) 100vw, 24px\" \/><\/div><\/div><\/div><div class=\"w-separator size_medium\"><\/div><\/div><\/div><\/div><\/div><div class=\"g-cols wpb_row via_grid cols_2 laptops-cols_inherit tablets-cols_inherit mobiles-cols_1 valign_top type_default stacking_default\"><div class=\"wpb_column vc_column_container\"><div class=\"vc_column-inner\"><div class=\"w-vwrapper align_none valign_top\"><div class=\"wpb_text_column\"><div class=\"wpb_wrapper\"><h4>Mild Chicken Curry<\/h4>\n<p>With chips or rice.<\/p>\n<\/div><\/div><div class=\"w-hwrapper align_none valign_top\" style=\"--hwrapper-gap:0.5rem\"><div class=\"w-image align_none\"><div class=\"w-image-h\"><img loading=\"lazy\" decoding=\"async\" width=\"24\" height=\"24\" src=\"https:\/\/bombaybluetenerife.com\/wp-content\/uploads\/2023\/04\/lactosa-large.png\" class=\"attachment-full size-full\" alt=\"lactosa\" srcset=\"https:\/\/bombaybluetenerife.com\/wp-content\/uploads\/2023\/04\/lactosa-large.png 24w, https:\/\/bombaybluetenerife.com\/wp-content\/uploads\/2023\/04\/lactosa-large-16x16.png 16w\" sizes=\"auto, (max-width: 24px) 100vw, 24px\" \/><\/div><\/div><\/div><div class=\"w-separator size_medium\"><\/div><\/div><\/div><\/div><div class=\"wpb_column vc_column_container\"><div class=\"vc_column-inner\"><div class=\"w-vwrapper align_none valign_top\"><div class=\"wpb_text_column\"><div class=\"wpb_wrapper\"><h4>Chicken Nuggets<\/h4>\n<p>With chips.<\/p>\n<\/div><\/div><div class=\"w-hwrapper align_none valign_top\" style=\"--hwrapper-gap:0.5rem\"><div class=\"w-image align_none\"><div class=\"w-image-h\"><img loading=\"lazy\" decoding=\"async\" width=\"24\" height=\"24\" src=\"https:\/\/bombaybluetenerife.com\/wp-content\/uploads\/2023\/04\/huevo-large.png\" class=\"attachment-full size-full\" alt=\"huevo\" srcset=\"https:\/\/bombaybluetenerife.com\/wp-content\/uploads\/2023\/04\/huevo-large.png 24w, https:\/\/bombaybluetenerife.com\/wp-content\/uploads\/2023\/04\/huevo-large-16x16.png 16w\" sizes=\"auto, (max-width: 24px) 100vw, 24px\" \/><\/div><\/div><div class=\"w-image align_none\"><div class=\"w-image-h\"><img loading=\"lazy\" decoding=\"async\" width=\"24\" height=\"24\" src=\"https:\/\/bombaybluetenerife.com\/wp-content\/uploads\/2023\/04\/Gluten-large.png\" class=\"attachment-full size-full\" alt=\"gluten\" srcset=\"https:\/\/bombaybluetenerife.com\/wp-content\/uploads\/2023\/04\/Gluten-large.png 24w, https:\/\/bombaybluetenerife.com\/wp-content\/uploads\/2023\/04\/Gluten-large-16x16.png 16w\" sizes=\"auto, (max-width: 24px) 100vw, 24px\" \/><\/div><\/div><\/div><div class=\"w-separator size_medium\"><\/div><\/div><\/div><\/div><\/div><div class=\"g-cols wpb_row via_grid cols_2 laptops-cols_inherit tablets-cols_inherit mobiles-cols_1 valign_top type_default stacking_default\"><div class=\"wpb_column vc_column_container\"><div class=\"vc_column-inner\"><div class=\"w-vwrapper align_none valign_top\"><div class=\"wpb_text_column\"><div class=\"wpb_wrapper\"><h4>Fish fingers<\/h4>\n<p>With chips.<\/p>\n<\/div><\/div><div class=\"w-hwrapper align_none valign_top\" style=\"--hwrapper-gap:0.5rem\"><div class=\"w-image align_none\"><div class=\"w-image-h\"><img loading=\"lazy\" decoding=\"async\" width=\"24\" height=\"24\" src=\"https:\/\/bombaybluetenerife.com\/wp-content\/uploads\/2023\/04\/huevo-large.png\" class=\"attachment-full size-full\" alt=\"huevo\" srcset=\"https:\/\/bombaybluetenerife.com\/wp-content\/uploads\/2023\/04\/huevo-large.png 24w, https:\/\/bombaybluetenerife.com\/wp-content\/uploads\/2023\/04\/huevo-large-16x16.png 16w\" sizes=\"auto, (max-width: 24px) 100vw, 24px\" \/><\/div><\/div><div class=\"w-image align_none\"><div class=\"w-image-h\"><img loading=\"lazy\" decoding=\"async\" width=\"24\" height=\"24\" src=\"https:\/\/bombaybluetenerife.com\/wp-content\/uploads\/2023\/04\/pescado-large.png\" class=\"attachment-full size-full\" alt=\"pescado\" srcset=\"https:\/\/bombaybluetenerife.com\/wp-content\/uploads\/2023\/04\/pescado-large.png 24w, https:\/\/bombaybluetenerife.com\/wp-content\/uploads\/2023\/04\/pescado-large-16x16.png 16w\" sizes=\"auto, (max-width: 24px) 100vw, 24px\" \/><\/div><\/div><div class=\"w-image align_none\"><div class=\"w-image-h\"><img loading=\"lazy\" decoding=\"async\" width=\"24\" height=\"24\" src=\"https:\/\/bombaybluetenerife.com\/wp-content\/uploads\/2023\/04\/Gluten-large.png\" class=\"attachment-full size-full\" alt=\"gluten\" srcset=\"https:\/\/bombaybluetenerife.com\/wp-content\/uploads\/2023\/04\/Gluten-large.png 24w, https:\/\/bombaybluetenerife.com\/wp-content\/uploads\/2023\/04\/Gluten-large-16x16.png 16w\" sizes=\"auto, (max-width: 24px) 100vw, 24px\" \/><\/div><\/div><\/div><div class=\"w-separator size_medium\"><\/div><\/div><\/div><\/div><\/div><\/div><\/div><\/div><\/div><\/div><div class=\"w-separator size_medium\"><\/div><div class=\"w-btn-wrapper align_none\"><a class=\"w-btn us-btn-style_1\" title=\"Men\u00fa\" href=\"https:\/\/bombaybluetenerife.com\/en\/menu\/\"><span class=\"w-btn-label\">Back to menu<\/span><\/a><\/div><div class=\"w-separator size_medium\"><\/div><\/div><\/div><\/div><\/div><\/section>\n","protected":false},"excerpt":{"rendered":"[vc_custom_heading text=\"MENU\" font_container=\"tag:div|text_align:left\" use_theme_fonts=\"yes\" css=\"%7B%22default%22%3A%7B%22text-align%22%3A%22center%22%2C%22font-size%22%3A%220.8rem%22%2C%22text-transform%22%3A%22uppercase%22%2C%22animation-name%22%3A%22fade%22%2C%22animation-delay%22%3A%220.5s%22%7D%7D\"][vc_custom_heading text=\"Kid's menu\" font_container=\"tag:h2|text_align:center\" use_theme_fonts=\"yes\" css=\"%7B%22default%22%3A%7B%22color%22%3A%22%23333333%22%2C%22text-transform%22%3A%22uppercase%22%2C%22animation-name%22%3A%22fade%22%2C%22animation-delay%22%3A%220.5s%22%7D%7D\"]KID&#8217;SButter Chicken With chips or rice. Chicken Tikka With chips or rice. Chicken Tikka Masala With chips or rice. Chicken Kotma With chips or rice. Mild Chicken Curry With chips or rice. Chicken Nuggets With chips. Fish fingers With chips. Back to menu","protected":false},"author":1,"featured_media":0,"parent":0,"menu_order":0,"comment_status":"closed","ping_status":"closed","template":"","meta":{"footnotes":""},"class_list":["post-771","page","type-page","status-publish","hentry"],"yoast_head":"<!-- This site is optimized with the Yoast SEO plugin v26.2 - https:\/\/yoast.com\/wordpress\/plugins\/seo\/ -->\n<title>Kid&#039;s Menu - Bombay Blue | Gourmetland Tenerife<\/title>\n<meta name=\"robots\" content=\"index, follow, max-snippet:-1, max-image-preview:large, max-video-preview:-1\" \/>\n<link rel=\"canonical\" href=\"https:\/\/bombaybluetenerife.com\/menu-infantil\/\" \/>\n<meta property=\"og:locale\" content=\"en_US\" \/>\n<meta property=\"og:type\" content=\"article\" \/>\n<meta property=\"og:title\" content=\"Kid&#039;s Menu - Bombay Blue | Gourmetland Tenerife\" \/>\n<meta property=\"og:url\" content=\"https:\/\/bombaybluetenerife.com\/menu-infantil\/\" \/>\n<meta property=\"og:site_name\" content=\"Bombay Blue | Gourmetland Tenerife\" \/>\n<meta property=\"article:modified_time\" content=\"2024-01-17T09:59:42+00:00\" \/>\n<meta name=\"twitter:card\" content=\"summary_large_image\" \/>\n<meta name=\"twitter:label1\" content=\"Est. reading time\" \/>\n\t<meta name=\"twitter:data1\" content=\"1 minute\" \/>\n<script type=\"application\/ld+json\" class=\"yoast-schema-graph\">{\"@context\":\"https:\/\/schema.org\",\"@graph\":[{\"@type\":\"WebPage\",\"@id\":\"https:\/\/bombaybluetenerife.com\/menu-infantil\/\",\"url\":\"https:\/\/bombaybluetenerife.com\/menu-infantil\/\",\"name\":\"Kid's Menu - Bombay Blue | Gourmetland Tenerife\",\"isPartOf\":{\"@id\":\"https:\/\/bombaybluetenerife.com\/#website\"},\"datePublished\":\"2023-07-24T10:02:45+00:00\",\"dateModified\":\"2024-01-17T09:59:42+00:00\",\"inLanguage\":\"en-US\",\"potentialAction\":[{\"@type\":\"ReadAction\",\"target\":[\"https:\/\/bombaybluetenerife.com\/menu-infantil\/\"]}]},{\"@type\":\"WebSite\",\"@id\":\"https:\/\/bombaybluetenerife.com\/#website\",\"url\":\"https:\/\/bombaybluetenerife.com\/\",\"name\":\"Bombay Blue | Gourmetland Tenerife\",\"description\":\"Restaurante Indio Tandoori\",\"publisher\":{\"@id\":\"https:\/\/bombaybluetenerife.com\/#organization\"},\"potentialAction\":[{\"@type\":\"SearchAction\",\"target\":{\"@type\":\"EntryPoint\",\"urlTemplate\":\"https:\/\/bombaybluetenerife.com\/?s={search_term_string}\"},\"query-input\":{\"@type\":\"PropertyValueSpecification\",\"valueRequired\":true,\"valueName\":\"search_term_string\"}}],\"inLanguage\":\"en-US\"},{\"@type\":[\"Organization\",\"Place\",\"Restaurant\"],\"@id\":\"https:\/\/bombaybluetenerife.com\/#organization\",\"name\":\"Bombay Blue\",\"url\":\"https:\/\/bombaybluetenerife.com\/\",\"logo\":{\"@id\":\"https:\/\/bombaybluetenerife.com\/menu-infantil\/#local-main-organization-logo\"},\"image\":{\"@id\":\"https:\/\/bombaybluetenerife.com\/menu-infantil\/#local-main-organization-logo\"},\"address\":{\"@id\":\"https:\/\/bombaybluetenerife.com\/menu-infantil\/#local-main-place-address\"},\"geo\":{\"@type\":\"GeoCoordinates\",\"latitude\":\"28.055736538067634\",\"longitude\":\"-16.730585903471827\"},\"telephone\":[],\"contactPoint\":{\"@type\":\"ContactPoint\",\"telephone\":\"922 79 71 90\",\"email\":\"info@bombaybluetenerife.com\"},\"openingHoursSpecification\":[{\"@type\":\"OpeningHoursSpecification\",\"dayOfWeek\":[\"Monday\",\"Tuesday\",\"Wednesday\",\"Thursday\",\"Friday\",\"Saturday\",\"Sunday\"],\"opens\":\"13:00\",\"closes\":\"23:00\"}],\"areaServed\":\"Tenerife\",\"priceRange\":\"$$\",\"currenciesAccepted\":\"Euro\"},{\"@type\":\"PostalAddress\",\"@id\":\"https:\/\/bombaybluetenerife.com\/menu-infantil\/#local-main-place-address\",\"streetAddress\":\"Safari, First Floor, Av. las Am\u00e9ricas, 5, 38660 Playa de la Am\u00e9ricas, Santa Cruz de Tenerife\",\"addressLocality\":\"Playa de la Am\u00e9ricas\",\"postalCode\":\"38660\",\"addressCountry\":\"ES\"},{\"@type\":\"ImageObject\",\"inLanguage\":\"en-US\",\"@id\":\"https:\/\/bombaybluetenerife.com\/menu-infantil\/#local-main-organization-logo\",\"url\":\"https:\/\/bombaybluetenerife.com\/wp-content\/uploads\/2023\/05\/bombay-blue.png\",\"contentUrl\":\"https:\/\/bombaybluetenerife.com\/wp-content\/uploads\/2023\/05\/bombay-blue.png\",\"width\":350,\"height\":350,\"caption\":\"Bombay Blue\"}]}<\/script>\n<meta name=\"geo.placename\" content=\"Playa de la Am\u00e9ricas\" \/>\n<meta name=\"geo.position\" content=\"28.055736538067634;-16.730585903471827\" \/>\n<meta name=\"geo.region\" content=\"Spain\" \/>\n<!-- \/ Yoast SEO plugin. -->","yoast_head_json":{"title":"Kid's Menu - Bombay Blue | Gourmetland Tenerife","robots":{"index":"index","follow":"follow","max-snippet":"max-snippet:-1","max-image-preview":"max-image-preview:large","max-video-preview":"max-video-preview:-1"},"canonical":"https:\/\/bombaybluetenerife.com\/menu-infantil\/","og_locale":"en_US","og_type":"article","og_title":"Kid's Menu - Bombay Blue | Gourmetland Tenerife","og_url":"https:\/\/bombaybluetenerife.com\/menu-infantil\/","og_site_name":"Bombay Blue | Gourmetland Tenerife","article_modified_time":"2024-01-17T09:59:42+00:00","twitter_card":"summary_large_image","twitter_misc":{"Est. reading time":"1 minute"},"schema":{"@context":"https:\/\/schema.org","@graph":[{"@type":"WebPage","@id":"https:\/\/bombaybluetenerife.com\/menu-infantil\/","url":"https:\/\/bombaybluetenerife.com\/menu-infantil\/","name":"Kid's Menu - Bombay Blue | Gourmetland Tenerife","isPartOf":{"@id":"https:\/\/bombaybluetenerife.com\/#website"},"datePublished":"2023-07-24T10:02:45+00:00","dateModified":"2024-01-17T09:59:42+00:00","inLanguage":"en-US","potentialAction":[{"@type":"ReadAction","target":["https:\/\/bombaybluetenerife.com\/menu-infantil\/"]}]},{"@type":"WebSite","@id":"https:\/\/bombaybluetenerife.com\/#website","url":"https:\/\/bombaybluetenerife.com\/","name":"Bombay Blue | Gourmetland Tenerife","description":"Restaurante Indio Tandoori","publisher":{"@id":"https:\/\/bombaybluetenerife.com\/#organization"},"potentialAction":[{"@type":"SearchAction","target":{"@type":"EntryPoint","urlTemplate":"https:\/\/bombaybluetenerife.com\/?s={search_term_string}"},"query-input":{"@type":"PropertyValueSpecification","valueRequired":true,"valueName":"search_term_string"}}],"inLanguage":"en-US"},{"@type":["Organization","Place","Restaurant"],"@id":"https:\/\/bombaybluetenerife.com\/#organization","name":"Bombay Blue","url":"https:\/\/bombaybluetenerife.com\/","logo":{"@id":"https:\/\/bombaybluetenerife.com\/menu-infantil\/#local-main-organization-logo"},"image":{"@id":"https:\/\/bombaybluetenerife.com\/menu-infantil\/#local-main-organization-logo"},"address":{"@id":"https:\/\/bombaybluetenerife.com\/menu-infantil\/#local-main-place-address"},"geo":{"@type":"GeoCoordinates","latitude":"28.055736538067634","longitude":"-16.730585903471827"},"telephone":[],"contactPoint":{"@type":"ContactPoint","telephone":"922 79 71 90","email":"info@bombaybluetenerife.com"},"openingHoursSpecification":[{"@type":"OpeningHoursSpecification","dayOfWeek":["Monday","Tuesday","Wednesday","Thursday","Friday","Saturday","Sunday"],"opens":"13:00","closes":"23:00"}],"areaServed":"Tenerife","priceRange":"$$","currenciesAccepted":"Euro"},{"@type":"PostalAddress","@id":"https:\/\/bombaybluetenerife.com\/menu-infantil\/#local-main-place-address","streetAddress":"Safari, First Floor, Av. las Am\u00e9ricas, 5, 38660 Playa de la Am\u00e9ricas, Santa Cruz de Tenerife","addressLocality":"Playa de la Am\u00e9ricas","postalCode":"38660","addressCountry":"ES"},{"@type":"ImageObject","inLanguage":"en-US","@id":"https:\/\/bombaybluetenerife.com\/menu-infantil\/#local-main-organization-logo","url":"https:\/\/bombaybluetenerife.com\/wp-content\/uploads\/2023\/05\/bombay-blue.png","contentUrl":"https:\/\/bombaybluetenerife.com\/wp-content\/uploads\/2023\/05\/bombay-blue.png","width":350,"height":350,"caption":"Bombay Blue"}]},"geo.placename":"Playa de la Am\u00e9ricas","geo.position":{"lat":"28.055736538067634","long":"-16.730585903471827"},"geo.region":"Spain"},"_links":{"self":[{"href":"https:\/\/bombaybluetenerife.com\/en\/wp-json\/wp\/v2\/pages\/771","targetHints":{"allow":["GET"]}}],"collection":[{"href":"https:\/\/bombaybluetenerife.com\/en\/wp-json\/wp\/v2\/pages"}],"about":[{"href":"https:\/\/bombaybluetenerife.com\/en\/wp-json\/wp\/v2\/types\/page"}],"author":[{"embeddable":true,"href":"https:\/\/bombaybluetenerife.com\/en\/wp-json\/wp\/v2\/users\/1"}],"replies":[{"embeddable":true,"href":"https:\/\/bombaybluetenerife.com\/en\/wp-json\/wp\/v2\/comments?post=771"}],"version-history":[{"count":2,"href":"https:\/\/bombaybluetenerife.com\/en\/wp-json\/wp\/v2\/pages\/771\/revisions"}],"predecessor-version":[{"id":790,"href":"https:\/\/bombaybluetenerife.com\/en\/wp-json\/wp\/v2\/pages\/771\/revisions\/790"}],"wp:attachment":[{"href":"https:\/\/bombaybluetenerife.com\/en\/wp-json\/wp\/v2\/media?parent=771"}],"curies":[{"name":"wp","href":"https:\/\/api.w.org\/{rel}","templated":true}]}}