{"id":759,"date":"2023-06-30T15:03:06","date_gmt":"2023-06-30T15:03:06","guid":{"rendered":"https:\/\/bombaybluetenerife.com\/?page_id=759"},"modified":"2024-03-12T14:04:30","modified_gmt":"2024-03-12T14:04:30","slug":"book-now","status":"publish","type":"page","link":"https:\/\/bombaybluetenerife.com\/en\/book-now\/","title":{"rendered":"Book Now"},"content":{"rendered":"<section class=\"l-section wpb_row height_medium\"><div class=\"l-section-h i-cf\"><div class=\"g-cols vc_row via_grid cols_1 laptops-cols_inherit tablets-cols_inherit mobiles-cols_1 valign_top type_default stacking_default\"><div class=\"wpb_column vc_column_container\"><div class=\"vc_column-inner\"><div class=\"w-html\"><iframe loading=\"lazy\" id=\"reservasGM\" title=\"Reservas\"                src=\"https:\/\/widget.thefork.com\/83324de3-f394-4033-8681-a12d1db863ef\"                                                    frameborder=\"0\" height=\"650\" width=\"100%\" onload=\"iFrameResize();\"><\/iframe><\/div><\/div><\/div><\/div><\/div><\/section>\n","protected":false},"excerpt":{"rendered":"","protected":false},"author":1,"featured_media":0,"parent":0,"menu_order":0,"comment_status":"closed","ping_status":"closed","template":"","meta":{"footnotes":""},"class_list":["post-759","page","type-page","status-publish","hentry"],"yoast_head":"<!-- This site is optimized with the Yoast SEO plugin v26.2 - https:\/\/yoast.com\/wordpress\/plugins\/seo\/ -->\n<title>Book Now - Bombay Blue | Gourmetland Tenerife<\/title>\n<meta name=\"robots\" content=\"index, follow, max-snippet:-1, max-image-preview:large, max-video-preview:-1\" \/>\n<link rel=\"canonical\" href=\"https:\/\/bombaybluetenerife.com\/en\/book-now\/\" \/>\n<meta property=\"og:locale\" content=\"en_US\" \/>\n<meta property=\"og:type\" content=\"article\" \/>\n<meta property=\"og:title\" content=\"Book Now - Bombay Blue | Gourmetland Tenerife\" \/>\n<meta property=\"og:url\" content=\"https:\/\/bombaybluetenerife.com\/en\/book-now\/\" \/>\n<meta property=\"og:site_name\" content=\"Bombay Blue | Gourmetland Tenerife\" \/>\n<meta property=\"article:modified_time\" content=\"2024-03-12T14:04:30+00:00\" \/>\n<meta name=\"twitter:card\" content=\"summary_large_image\" \/>\n<meta name=\"twitter:label1\" content=\"Est. reading time\" \/>\n\t<meta name=\"twitter:data1\" content=\"1 minute\" \/>\n<script type=\"application\/ld+json\" class=\"yoast-schema-graph\">{\"@context\":\"https:\/\/schema.org\",\"@graph\":[{\"@type\":\"WebPage\",\"@id\":\"https:\/\/bombaybluetenerife.com\/en\/book-now\/\",\"url\":\"https:\/\/bombaybluetenerife.com\/en\/book-now\/\",\"name\":\"Book Now - Bombay Blue | Gourmetland Tenerife\",\"isPartOf\":{\"@id\":\"https:\/\/bombaybluetenerife.com\/#website\"},\"datePublished\":\"2023-06-30T15:03:06+00:00\",\"dateModified\":\"2024-03-12T14:04:30+00:00\",\"inLanguage\":\"en-US\",\"potentialAction\":[{\"@type\":\"ReadAction\",\"target\":[\"https:\/\/bombaybluetenerife.com\/en\/book-now\/\"]}]},{\"@type\":\"WebSite\",\"@id\":\"https:\/\/bombaybluetenerife.com\/#website\",\"url\":\"https:\/\/bombaybluetenerife.com\/\",\"name\":\"Bombay Blue | Gourmetland Tenerife\",\"description\":\"Restaurante Indio Tandoori\",\"publisher\":{\"@id\":\"https:\/\/bombaybluetenerife.com\/#organization\"},\"potentialAction\":[{\"@type\":\"SearchAction\",\"target\":{\"@type\":\"EntryPoint\",\"urlTemplate\":\"https:\/\/bombaybluetenerife.com\/?s={search_term_string}\"},\"query-input\":{\"@type\":\"PropertyValueSpecification\",\"valueRequired\":true,\"valueName\":\"search_term_string\"}}],\"inLanguage\":\"en-US\"},{\"@type\":[\"Organization\",\"Place\",\"Restaurant\"],\"@id\":\"https:\/\/bombaybluetenerife.com\/#organization\",\"name\":\"Bombay Blue\",\"url\":\"https:\/\/bombaybluetenerife.com\/\",\"logo\":{\"@id\":\"https:\/\/bombaybluetenerife.com\/en\/book-now\/#local-main-organization-logo\"},\"image\":{\"@id\":\"https:\/\/bombaybluetenerife.com\/en\/book-now\/#local-main-organization-logo\"},\"address\":{\"@id\":\"https:\/\/bombaybluetenerife.com\/en\/book-now\/#local-main-place-address\"},\"geo\":{\"@type\":\"GeoCoordinates\",\"latitude\":\"28.055736538067634\",\"longitude\":\"-16.730585903471827\"},\"telephone\":[],\"contactPoint\":{\"@type\":\"ContactPoint\",\"telephone\":\"922 79 71 90\",\"email\":\"info@bombaybluetenerife.com\"},\"openingHoursSpecification\":[{\"@type\":\"OpeningHoursSpecification\",\"dayOfWeek\":[\"Monday\",\"Tuesday\",\"Wednesday\",\"Thursday\",\"Friday\",\"Saturday\",\"Sunday\"],\"opens\":\"13:00\",\"closes\":\"23:00\"}],\"areaServed\":\"Tenerife\",\"priceRange\":\"$$\",\"currenciesAccepted\":\"Euro\"},{\"@type\":\"PostalAddress\",\"@id\":\"https:\/\/bombaybluetenerife.com\/en\/book-now\/#local-main-place-address\",\"streetAddress\":\"Safari, First Floor, Av. las Am\u00e9ricas, 5, 38660 Playa de la Am\u00e9ricas, Santa Cruz de Tenerife\",\"addressLocality\":\"Playa de la Am\u00e9ricas\",\"postalCode\":\"38660\",\"addressCountry\":\"ES\"},{\"@type\":\"ImageObject\",\"inLanguage\":\"en-US\",\"@id\":\"https:\/\/bombaybluetenerife.com\/en\/book-now\/#local-main-organization-logo\",\"url\":\"https:\/\/bombaybluetenerife.com\/wp-content\/uploads\/2023\/05\/bombay-blue.png\",\"contentUrl\":\"https:\/\/bombaybluetenerife.com\/wp-content\/uploads\/2023\/05\/bombay-blue.png\",\"width\":350,\"height\":350,\"caption\":\"Bombay Blue\"}]}<\/script>\n<meta name=\"geo.placename\" content=\"Playa de la Am\u00e9ricas\" \/>\n<meta name=\"geo.position\" content=\"28.055736538067634;-16.730585903471827\" \/>\n<meta name=\"geo.region\" content=\"Spain\" \/>\n<!-- \/ Yoast SEO plugin. -->","yoast_head_json":{"title":"Book Now - Bombay Blue | Gourmetland Tenerife","robots":{"index":"index","follow":"follow","max-snippet":"max-snippet:-1","max-image-preview":"max-image-preview:large","max-video-preview":"max-video-preview:-1"},"canonical":"https:\/\/bombaybluetenerife.com\/en\/book-now\/","og_locale":"en_US","og_type":"article","og_title":"Book Now - Bombay Blue | Gourmetland Tenerife","og_url":"https:\/\/bombaybluetenerife.com\/en\/book-now\/","og_site_name":"Bombay Blue | Gourmetland Tenerife","article_modified_time":"2024-03-12T14:04:30+00:00","twitter_card":"summary_large_image","twitter_misc":{"Est. reading time":"1 minute"},"schema":{"@context":"https:\/\/schema.org","@graph":[{"@type":"WebPage","@id":"https:\/\/bombaybluetenerife.com\/en\/book-now\/","url":"https:\/\/bombaybluetenerife.com\/en\/book-now\/","name":"Book Now - Bombay Blue | Gourmetland Tenerife","isPartOf":{"@id":"https:\/\/bombaybluetenerife.com\/#website"},"datePublished":"2023-06-30T15:03:06+00:00","dateModified":"2024-03-12T14:04:30+00:00","inLanguage":"en-US","potentialAction":[{"@type":"ReadAction","target":["https:\/\/bombaybluetenerife.com\/en\/book-now\/"]}]},{"@type":"WebSite","@id":"https:\/\/bombaybluetenerife.com\/#website","url":"https:\/\/bombaybluetenerife.com\/","name":"Bombay Blue | Gourmetland Tenerife","description":"Restaurante Indio Tandoori","publisher":{"@id":"https:\/\/bombaybluetenerife.com\/#organization"},"potentialAction":[{"@type":"SearchAction","target":{"@type":"EntryPoint","urlTemplate":"https:\/\/bombaybluetenerife.com\/?s={search_term_string}"},"query-input":{"@type":"PropertyValueSpecification","valueRequired":true,"valueName":"search_term_string"}}],"inLanguage":"en-US"},{"@type":["Organization","Place","Restaurant"],"@id":"https:\/\/bombaybluetenerife.com\/#organization","name":"Bombay Blue","url":"https:\/\/bombaybluetenerife.com\/","logo":{"@id":"https:\/\/bombaybluetenerife.com\/en\/book-now\/#local-main-organization-logo"},"image":{"@id":"https:\/\/bombaybluetenerife.com\/en\/book-now\/#local-main-organization-logo"},"address":{"@id":"https:\/\/bombaybluetenerife.com\/en\/book-now\/#local-main-place-address"},"geo":{"@type":"GeoCoordinates","latitude":"28.055736538067634","longitude":"-16.730585903471827"},"telephone":[],"contactPoint":{"@type":"ContactPoint","telephone":"922 79 71 90","email":"info@bombaybluetenerife.com"},"openingHoursSpecification":[{"@type":"OpeningHoursSpecification","dayOfWeek":["Monday","Tuesday","Wednesday","Thursday","Friday","Saturday","Sunday"],"opens":"13:00","closes":"23:00"}],"areaServed":"Tenerife","priceRange":"$$","currenciesAccepted":"Euro"},{"@type":"PostalAddress","@id":"https:\/\/bombaybluetenerife.com\/en\/book-now\/#local-main-place-address","streetAddress":"Safari, First Floor, Av. las Am\u00e9ricas, 5, 38660 Playa de la Am\u00e9ricas, Santa Cruz de Tenerife","addressLocality":"Playa de la Am\u00e9ricas","postalCode":"38660","addressCountry":"ES"},{"@type":"ImageObject","inLanguage":"en-US","@id":"https:\/\/bombaybluetenerife.com\/en\/book-now\/#local-main-organization-logo","url":"https:\/\/bombaybluetenerife.com\/wp-content\/uploads\/2023\/05\/bombay-blue.png","contentUrl":"https:\/\/bombaybluetenerife.com\/wp-content\/uploads\/2023\/05\/bombay-blue.png","width":350,"height":350,"caption":"Bombay Blue"}]},"geo.placename":"Playa de la Am\u00e9ricas","geo.position":{"lat":"28.055736538067634","long":"-16.730585903471827"},"geo.region":"Spain"},"_links":{"self":[{"href":"https:\/\/bombaybluetenerife.com\/en\/wp-json\/wp\/v2\/pages\/759","targetHints":{"allow":["GET"]}}],"collection":[{"href":"https:\/\/bombaybluetenerife.com\/en\/wp-json\/wp\/v2\/pages"}],"about":[{"href":"https:\/\/bombaybluetenerife.com\/en\/wp-json\/wp\/v2\/types\/page"}],"author":[{"embeddable":true,"href":"https:\/\/bombaybluetenerife.com\/en\/wp-json\/wp\/v2\/users\/1"}],"replies":[{"embeddable":true,"href":"https:\/\/bombaybluetenerife.com\/en\/wp-json\/wp\/v2\/comments?post=759"}],"version-history":[{"count":2,"href":"https:\/\/bombaybluetenerife.com\/en\/wp-json\/wp\/v2\/pages\/759\/revisions"}],"predecessor-version":[{"id":883,"href":"https:\/\/bombaybluetenerife.com\/en\/wp-json\/wp\/v2\/pages\/759\/revisions\/883"}],"wp:attachment":[{"href":"https:\/\/bombaybluetenerife.com\/en\/wp-json\/wp\/v2\/media?parent=759"}],"curies":[{"name":"wp","href":"https:\/\/api.w.org\/{rel}","templated":true}]}}