{"id":589,"date":"2023-04-17T07:52:37","date_gmt":"2023-04-17T07:52:37","guid":{"rendered":"https:\/\/bombaybluetenerife.com\/?page_id=589"},"modified":"2024-12-27T14:38:49","modified_gmt":"2024-12-27T14:38:49","slug":"menu","status":"publish","type":"page","link":"https:\/\/bombaybluetenerife.com\/en\/menu\/","title":{"rendered":"Menu"},"content":{"rendered":"<section class=\"l-section wpb_row us_custom_de67d1db height_medium width_full\"><div class=\"l-section-h i-cf\"><div class=\"g-cols vc_row via_grid cols_1 laptops-cols_inherit tablets-cols_inherit mobiles-cols_1 valign_top type_default stacking_default\"><div class=\"wpb_column vc_column_container\"><div class=\"vc_column-inner\">[vc_custom_heading text=&#8221;DISHES TO SUIT ALL TASTES&#8221; font_container=&#8221;tag:div|text_align:left&#8221; use_theme_fonts=&#8221;yes&#8221; css=&#8221;%7B%22default%22%3A%7B%22text-align%22%3A%22center%22%2C%22font-size%22%3A%220.8rem%22%2C%22text-transform%22%3A%22uppercase%22%2C%22animation-name%22%3A%22fade%22%2C%22animation-delay%22%3A%220.5s%22%7D%7D&#8221;][vc_custom_heading text=&#8221;MENU&#8221; font_container=&#8221;tag:h2|text_align:center&#8221; use_theme_fonts=&#8221;yes&#8221; css=&#8221;%7B%22default%22%3A%7B%22color%22%3A%22%23333333%22%2C%22animation-name%22%3A%22fade%22%2C%22animation-delay%22%3A%220.5s%22%7D%7D&#8221;]<div class=\"w-image us_custom_f1a4f275 us_animate_this align_center\"><div class=\"w-image-h\"><img loading=\"lazy\" decoding=\"async\" width=\"116\" height=\"5\" src=\"https:\/\/bombaybluetenerife.com\/wp-content\/uploads\/2022\/12\/separador.png\" class=\"attachment-full size-full\" alt=\"separador\" \/><\/div><\/div><\/div><\/div><\/div><\/div><\/section><section class=\"l-section wpb_row menu height_auto\"><div class=\"l-section-h i-cf\"><div class=\"g-cols vc_row via_grid cols_2 laptops-cols_inherit tablets-cols_inherit mobiles-cols_1 valign_middle type_default stacking_default\" style=\"grid-gap:2rem;\"><div class=\"wpb_column vc_column_container us_custom_bb82fd53 has_bg_color has-link\"><div class=\"vc_column-inner\"><h2 class=\"w-text us_custom_d44d8758 middle has_text_color\"><span class=\"w-text-h\"><span class=\"w-text-value\">Starters<\/span><\/span><\/h2><\/div><a href=\"https:\/\/bombaybluetenerife.com\/en\/entrantes\/\" class=\"vc_column-link smooth-scroll\" aria-label=\"Link\"><\/a><\/div><div class=\"wpb_column vc_column_container us_custom_640970de has_bg_color has-link\"><div class=\"vc_column-inner\"><h2 class=\"w-text us_custom_d44d8758 has_text_color\"><span class=\"w-text-h\"><span class=\"w-text-value\">Mains<\/span><\/span><\/h2><\/div><a href=\"https:\/\/bombaybluetenerife.com\/en\/principales\/\" class=\"vc_column-link smooth-scroll\" aria-label=\"Link\"><\/a><\/div><div class=\"wpb_column vc_column_container us_custom_6dbad2a8 has_bg_color has-link\"><div class=\"vc_column-inner\"><h2 class=\"w-text us_custom_d44d8758 has_text_color\"><span class=\"w-text-h\"><span class=\"w-text-value\">Drinks and cocktails<\/span><\/span><\/h2><\/div><a href=\"https:\/\/bombaybluetenerife.com\/en\/bebidas-y-cocktails\/\" class=\"vc_column-link smooth-scroll\" aria-label=\"Link\"><\/a><\/div><div class=\"wpb_column vc_column_container us_custom_06b4bf1c has_bg_color has-link\"><div class=\"vc_column-inner\"><h2 class=\"w-text us_custom_d44d8758 has_text_color\"><span class=\"w-text-h\"><span class=\"w-text-value\">Children&#8217;s<\/span><\/span><\/h2><\/div><a title=\"Menu\" href=\"https:\/\/bombaybluetenerife.com\/en\/kids-menu\/\" class=\"vc_column-link smooth-scroll\"><\/a><\/div><div class=\"wpb_column vc_column_container us_custom_b2c24168 has_bg_color has-link\"><div class=\"vc_column-inner\"><h2 class=\"w-text us_custom_d44d8758 has_text_color\"><span class=\"w-text-h\"><span class=\"w-text-value\">Allergens<\/span><\/span><\/h2><\/div><a href=\"https:\/\/bombaybluetenerife.com\/en\/alergenos\/\" class=\"vc_column-link smooth-scroll\" aria-label=\"Link\"><\/a><\/div><\/div><\/div><\/section><section class=\"l-section wpb_row height_medium\"><div class=\"l-section-h i-cf\"><div class=\"g-cols vc_row via_grid cols_1 laptops-cols_inherit tablets-cols_inherit mobiles-cols_1 valign_top type_default stacking_default\"><div class=\"wpb_column vc_column_container\"><div class=\"vc_column-inner\"><div class=\"wpb_text_column us_custom_4d3af108 us_animate_this\"><div class=\"wpb_wrapper\"><p style=\"text-align: center;\">Enjoy a unique culinary experience at <strong>Bombay Blue<\/strong>, the <strong>Indian restaurant in Tenerife<\/strong> that will transport you to the exotic lands of India. Authentic flavours, charming ambience and exceptional service await you.<\/p>\n<\/div><\/div><\/div><\/div><\/div><\/div><\/section>\n","protected":false},"excerpt":{"rendered":"[vc_custom_heading text=\"DISHES TO SUIT ALL TASTES\" font_container=\"tag:div|text_align:left\" use_theme_fonts=\"yes\" css=\"%7B%22default%22%3A%7B%22text-align%22%3A%22center%22%2C%22font-size%22%3A%220.8rem%22%2C%22text-transform%22%3A%22uppercase%22%2C%22animation-name%22%3A%22fade%22%2C%22animation-delay%22%3A%220.5s%22%7D%7D\"][vc_custom_heading text=\"MENU\" font_container=\"tag:h2|text_align:center\" use_theme_fonts=\"yes\" css=\"%7B%22default%22%3A%7B%22color%22%3A%22%23333333%22%2C%22animation-name%22%3A%22fade%22%2C%22animation-delay%22%3A%220.5s%22%7D%7D\"]StartersMainsDrinks and cocktailsChildren&#8217;sAllergensEnjoy a unique culinary experience at Bombay Blue, the Indian restaurant in Tenerife that will transport you to the exotic lands of India. Authentic flavours, charming ambience and exceptional service await you.","protected":false},"author":1,"featured_media":0,"parent":0,"menu_order":0,"comment_status":"closed","ping_status":"closed","template":"","meta":{"footnotes":""},"class_list":["post-589","page","type-page","status-publish","hentry"],"yoast_head":"<!-- This site is optimized with the Yoast SEO plugin v26.2 - https:\/\/yoast.com\/wordpress\/plugins\/seo\/ -->\n<title>Bombay Blue | Indian restaurant in Tenerife South - Gourmetland<\/title>\n<meta name=\"description\" content=\"Discover the authentic flavours of India at Bombay Blue, the best Indian restaurant in Tenerife. Delicious dishes and exceptional atmosphere.\" \/>\n<meta name=\"robots\" content=\"index, follow, max-snippet:-1, max-image-preview:large, max-video-preview:-1\" \/>\n<link rel=\"canonical\" href=\"https:\/\/bombaybluetenerife.com\/en\/menu\/\" \/>\n<meta property=\"og:locale\" content=\"en_US\" \/>\n<meta property=\"og:type\" content=\"article\" \/>\n<meta property=\"og:title\" content=\"Bombay Blue | Indian restaurant in Tenerife South - Gourmetland\" \/>\n<meta property=\"og:description\" content=\"Discover the authentic flavours of India at Bombay Blue, the best Indian restaurant in Tenerife. Delicious dishes and exceptional atmosphere.\" \/>\n<meta property=\"og:url\" content=\"https:\/\/bombaybluetenerife.com\/en\/menu\/\" \/>\n<meta property=\"og:site_name\" content=\"Bombay Blue | Gourmetland Tenerife\" \/>\n<meta property=\"article:modified_time\" content=\"2024-12-27T14:38:49+00:00\" \/>\n<meta name=\"twitter:card\" content=\"summary_large_image\" \/>\n<meta name=\"twitter:label1\" content=\"Est. reading time\" \/>\n\t<meta name=\"twitter:data1\" content=\"1 minute\" \/>\n<script type=\"application\/ld+json\" class=\"yoast-schema-graph\">{\"@context\":\"https:\/\/schema.org\",\"@graph\":[{\"@type\":\"WebPage\",\"@id\":\"https:\/\/bombaybluetenerife.com\/en\/menu\/\",\"url\":\"https:\/\/bombaybluetenerife.com\/en\/menu\/\",\"name\":\"Bombay Blue | Indian restaurant in Tenerife South - Gourmetland\",\"isPartOf\":{\"@id\":\"https:\/\/bombaybluetenerife.com\/#website\"},\"datePublished\":\"2023-04-17T07:52:37+00:00\",\"dateModified\":\"2024-12-27T14:38:49+00:00\",\"description\":\"Discover the authentic flavours of India at Bombay Blue, the best Indian restaurant in Tenerife. Delicious dishes and exceptional atmosphere.\",\"inLanguage\":\"en-US\",\"potentialAction\":[{\"@type\":\"ReadAction\",\"target\":[\"https:\/\/bombaybluetenerife.com\/en\/menu\/\"]}]},{\"@type\":\"WebSite\",\"@id\":\"https:\/\/bombaybluetenerife.com\/#website\",\"url\":\"https:\/\/bombaybluetenerife.com\/\",\"name\":\"Bombay Blue | Gourmetland Tenerife\",\"description\":\"Restaurante Indio Tandoori\",\"publisher\":{\"@id\":\"https:\/\/bombaybluetenerife.com\/#organization\"},\"potentialAction\":[{\"@type\":\"SearchAction\",\"target\":{\"@type\":\"EntryPoint\",\"urlTemplate\":\"https:\/\/bombaybluetenerife.com\/?s={search_term_string}\"},\"query-input\":{\"@type\":\"PropertyValueSpecification\",\"valueRequired\":true,\"valueName\":\"search_term_string\"}}],\"inLanguage\":\"en-US\"},{\"@type\":[\"Organization\",\"Place\",\"Restaurant\"],\"@id\":\"https:\/\/bombaybluetenerife.com\/#organization\",\"name\":\"Bombay Blue\",\"url\":\"https:\/\/bombaybluetenerife.com\/\",\"logo\":{\"@id\":\"https:\/\/bombaybluetenerife.com\/en\/menu\/#local-main-organization-logo\"},\"image\":{\"@id\":\"https:\/\/bombaybluetenerife.com\/en\/menu\/#local-main-organization-logo\"},\"address\":{\"@id\":\"https:\/\/bombaybluetenerife.com\/en\/menu\/#local-main-place-address\"},\"geo\":{\"@type\":\"GeoCoordinates\",\"latitude\":\"28.055736538067634\",\"longitude\":\"-16.730585903471827\"},\"telephone\":[],\"contactPoint\":{\"@type\":\"ContactPoint\",\"telephone\":\"922 79 71 90\",\"email\":\"info@bombaybluetenerife.com\"},\"openingHoursSpecification\":[{\"@type\":\"OpeningHoursSpecification\",\"dayOfWeek\":[\"Monday\",\"Tuesday\",\"Wednesday\",\"Thursday\",\"Friday\",\"Saturday\",\"Sunday\"],\"opens\":\"13:00\",\"closes\":\"23:00\"}],\"areaServed\":\"Tenerife\",\"priceRange\":\"$$\",\"currenciesAccepted\":\"Euro\"},{\"@type\":\"PostalAddress\",\"@id\":\"https:\/\/bombaybluetenerife.com\/en\/menu\/#local-main-place-address\",\"streetAddress\":\"Safari, First Floor, Av. las Am\u00e9ricas, 5, 38660 Playa de la Am\u00e9ricas, Santa Cruz de Tenerife\",\"addressLocality\":\"Playa de la Am\u00e9ricas\",\"postalCode\":\"38660\",\"addressCountry\":\"ES\"},{\"@type\":\"ImageObject\",\"inLanguage\":\"en-US\",\"@id\":\"https:\/\/bombaybluetenerife.com\/en\/menu\/#local-main-organization-logo\",\"url\":\"https:\/\/bombaybluetenerife.com\/wp-content\/uploads\/2023\/05\/bombay-blue.png\",\"contentUrl\":\"https:\/\/bombaybluetenerife.com\/wp-content\/uploads\/2023\/05\/bombay-blue.png\",\"width\":350,\"height\":350,\"caption\":\"Bombay Blue\"}]}<\/script>\n<meta name=\"geo.placename\" content=\"Playa de la Am\u00e9ricas\" \/>\n<meta name=\"geo.position\" content=\"28.055736538067634;-16.730585903471827\" \/>\n<meta name=\"geo.region\" content=\"Spain\" \/>\n<!-- \/ Yoast SEO plugin. -->","yoast_head_json":{"title":"Bombay Blue | Indian restaurant in Tenerife South - Gourmetland","description":"Discover the authentic flavours of India at Bombay Blue, the best Indian restaurant in Tenerife. Delicious dishes and exceptional atmosphere.","robots":{"index":"index","follow":"follow","max-snippet":"max-snippet:-1","max-image-preview":"max-image-preview:large","max-video-preview":"max-video-preview:-1"},"canonical":"https:\/\/bombaybluetenerife.com\/en\/menu\/","og_locale":"en_US","og_type":"article","og_title":"Bombay Blue | Indian restaurant in Tenerife South - Gourmetland","og_description":"Discover the authentic flavours of India at Bombay Blue, the best Indian restaurant in Tenerife. Delicious dishes and exceptional atmosphere.","og_url":"https:\/\/bombaybluetenerife.com\/en\/menu\/","og_site_name":"Bombay Blue | Gourmetland Tenerife","article_modified_time":"2024-12-27T14:38:49+00:00","twitter_card":"summary_large_image","twitter_misc":{"Est. reading time":"1 minute"},"schema":{"@context":"https:\/\/schema.org","@graph":[{"@type":"WebPage","@id":"https:\/\/bombaybluetenerife.com\/en\/menu\/","url":"https:\/\/bombaybluetenerife.com\/en\/menu\/","name":"Bombay Blue | Indian restaurant in Tenerife South - Gourmetland","isPartOf":{"@id":"https:\/\/bombaybluetenerife.com\/#website"},"datePublished":"2023-04-17T07:52:37+00:00","dateModified":"2024-12-27T14:38:49+00:00","description":"Discover the authentic flavours of India at Bombay Blue, the best Indian restaurant in Tenerife. Delicious dishes and exceptional atmosphere.","inLanguage":"en-US","potentialAction":[{"@type":"ReadAction","target":["https:\/\/bombaybluetenerife.com\/en\/menu\/"]}]},{"@type":"WebSite","@id":"https:\/\/bombaybluetenerife.com\/#website","url":"https:\/\/bombaybluetenerife.com\/","name":"Bombay Blue | Gourmetland Tenerife","description":"Restaurante Indio Tandoori","publisher":{"@id":"https:\/\/bombaybluetenerife.com\/#organization"},"potentialAction":[{"@type":"SearchAction","target":{"@type":"EntryPoint","urlTemplate":"https:\/\/bombaybluetenerife.com\/?s={search_term_string}"},"query-input":{"@type":"PropertyValueSpecification","valueRequired":true,"valueName":"search_term_string"}}],"inLanguage":"en-US"},{"@type":["Organization","Place","Restaurant"],"@id":"https:\/\/bombaybluetenerife.com\/#organization","name":"Bombay Blue","url":"https:\/\/bombaybluetenerife.com\/","logo":{"@id":"https:\/\/bombaybluetenerife.com\/en\/menu\/#local-main-organization-logo"},"image":{"@id":"https:\/\/bombaybluetenerife.com\/en\/menu\/#local-main-organization-logo"},"address":{"@id":"https:\/\/bombaybluetenerife.com\/en\/menu\/#local-main-place-address"},"geo":{"@type":"GeoCoordinates","latitude":"28.055736538067634","longitude":"-16.730585903471827"},"telephone":[],"contactPoint":{"@type":"ContactPoint","telephone":"922 79 71 90","email":"info@bombaybluetenerife.com"},"openingHoursSpecification":[{"@type":"OpeningHoursSpecification","dayOfWeek":["Monday","Tuesday","Wednesday","Thursday","Friday","Saturday","Sunday"],"opens":"13:00","closes":"23:00"}],"areaServed":"Tenerife","priceRange":"$$","currenciesAccepted":"Euro"},{"@type":"PostalAddress","@id":"https:\/\/bombaybluetenerife.com\/en\/menu\/#local-main-place-address","streetAddress":"Safari, First Floor, Av. las Am\u00e9ricas, 5, 38660 Playa de la Am\u00e9ricas, Santa Cruz de Tenerife","addressLocality":"Playa de la Am\u00e9ricas","postalCode":"38660","addressCountry":"ES"},{"@type":"ImageObject","inLanguage":"en-US","@id":"https:\/\/bombaybluetenerife.com\/en\/menu\/#local-main-organization-logo","url":"https:\/\/bombaybluetenerife.com\/wp-content\/uploads\/2023\/05\/bombay-blue.png","contentUrl":"https:\/\/bombaybluetenerife.com\/wp-content\/uploads\/2023\/05\/bombay-blue.png","width":350,"height":350,"caption":"Bombay Blue"}]},"geo.placename":"Playa de la Am\u00e9ricas","geo.position":{"lat":"28.055736538067634","long":"-16.730585903471827"},"geo.region":"Spain"},"_links":{"self":[{"href":"https:\/\/bombaybluetenerife.com\/en\/wp-json\/wp\/v2\/pages\/589","targetHints":{"allow":["GET"]}}],"collection":[{"href":"https:\/\/bombaybluetenerife.com\/en\/wp-json\/wp\/v2\/pages"}],"about":[{"href":"https:\/\/bombaybluetenerife.com\/en\/wp-json\/wp\/v2\/types\/page"}],"author":[{"embeddable":true,"href":"https:\/\/bombaybluetenerife.com\/en\/wp-json\/wp\/v2\/users\/1"}],"replies":[{"embeddable":true,"href":"https:\/\/bombaybluetenerife.com\/en\/wp-json\/wp\/v2\/comments?post=589"}],"version-history":[{"count":15,"href":"https:\/\/bombaybluetenerife.com\/en\/wp-json\/wp\/v2\/pages\/589\/revisions"}],"predecessor-version":[{"id":960,"href":"https:\/\/bombaybluetenerife.com\/en\/wp-json\/wp\/v2\/pages\/589\/revisions\/960"}],"wp:attachment":[{"href":"https:\/\/bombaybluetenerife.com\/en\/wp-json\/wp\/v2\/media?parent=589"}],"curies":[{"name":"wp","href":"https:\/\/api.w.org\/{rel}","templated":true}]}}